{"id":858,"date":"2025-07-25T14:47:46","date_gmt":"2025-07-25T07:47:46","guid":{"rendered":"http:\/\/ntttc.edu.vn\/?page_id=858"},"modified":"2026-03-23T15:56:19","modified_gmt":"2026-03-23T08:56:19","slug":"hang-b-tu-dong","status":"publish","type":"page","link":"https:\/\/ntttc.edu.vn\/?page_id=858","title":{"rendered":"H\u1ea1ng B t\u1ef1 \u0111\u1ed9ng"},"content":{"rendered":"<div class=\"title_chuy\">\n<p>\u27a6 KH\u00d3A H\u1eccC L\u00c1I XE \u00d4 T\u00d4 B S\u1ed0 T\u1ef0 \u0110\u1ed8NG<\/p>\n<\/div>\n<div>\n<table>\n<tbody>\n<tr>\n<td><strong>Kh\u00f3a h\u1ecdc l\u00e1i xe \u00f4 t\u00f4 h\u1ea1ng B (T\u1ef1 \u0111\u1ed9ng):<\/strong><\/td>\n<td><strong>Kh\u00f3a 5-26B1<\/strong><\/td>\n<\/tr>\n<tr>\n<td><strong>Ng\u00e0y khai gi\u1ea3ng:<\/strong><\/td>\n<td><strong>10\/04\/2026<\/strong><\/td>\n<\/tr>\n<tr>\n<td><strong>H\u1ed3 s\u01a1 c\u1ea7n tuy\u1ec3n:<\/strong><\/td>\n<td><strong>50 SU\u1ea4T\u00a0<\/strong><\/td>\n<\/tr>\n<tr>\n<td><strong>H\u1ea1n cu\u1ed1i nh\u1eadn h\u1ed3 s\u01a1:<\/strong><\/td>\n<td><strong>10\/04\/2026<\/strong><\/td>\n<\/tr>\n<tr>\n<td><strong>\u01afu \u0111\u00e3i \u0111\u1eb7c bi\u1ec7t:<\/strong><\/td>\n<td><\/td>\n<\/tr>\n<tr>\n<td><strong>Li\u00ean h\u1ec7 nh\u1eadn \u01b0u \u0111\u00e3i:<\/strong><\/td>\n<td><strong>0987.072.883 &#8211; 028.7101.6011<\/strong><\/td>\n<\/tr>\n<tr>\n<td colspan=\"2\"><strong>H\u1ecdc ph\u00ed \u0111\u00e3 gi\u1ea3m:\u00a0 21.450.000\u0111\u00a0<\/strong><\/td>\n<\/tr>\n<\/tbody>\n<\/table>\n<div>\n<div id=\"text-4030410297\" class=\"text\"><center>\u2013<strong>\u00a0H\u1ecdc ph\u00ed \u0111\u00e3 bao g\u1ed3m<\/strong>: X\u0103ng xe, s\u00e2n b\u00e3i t\u1eadp, ch\u1ea1y Dat 710km, l\u1ec7 ph\u00ed thi t\u1ed1t nghi\u1ec7p.<\/center><center><strong>L\u01afU \u00dd: V\u00ec l\u1ecbch tuy\u1ec3n sinh cho t\u1eebng kh\u00f3a thi c\u00f3 s\u1ed1 l\u01b0\u1ee3ng nh\u1ea5t \u0111\u1ecbnh, Q\u00fay anh (ch\u1ecb) n\u00ean li\u00ean h\u1ec7 tr\u01b0\u1edbc \u0111\u1ec3 gi\u1eef su\u1ea5t thi, \u27a0 Khi \u0111\u1ebfn \u0111\u0103ng k\u00fd s\u1ebd nh\u1eadn \u0111\u01b0\u1ee3c nhi\u1ec1u \u01b0u \u0111\u00e3i; T\u1ef7 l\u1ec7 thi \u0111\u1eadu cao. Tr\u00e2n tr\u1ecdng c\u1ea3m \u01a1n!<\/strong><\/center><\/div>\n<\/div>\n<\/div>\n<div><\/div>\n<div><\/div>\n<a href=\"http:\/\/ntttc.edu.vn\/?page_id=434\" class=\"button primary is-xlarge expand\"  style=\"border-radius:99px;\">\n\t\t<span>\u0110\u0103ng k\u00fd ngay<\/span>\n\t<\/a>\n\n","protected":false},"excerpt":{"rendered":"<p>\u27a6 KH\u00d3A H\u1eccC L\u00c1I XE \u00d4 T\u00d4 B S\u1ed0 T\u1ef0 \u0110\u1ed8NG Kh\u00f3a h\u1ecdc l\u00e1i xe \u00f4 t\u00f4 h\u1ea1ng B (T\u1ef1 \u0111\u1ed9ng): Kh\u00f3a 5-26B1 Ng\u00e0y khai gi\u1ea3ng: 10\/04\/2026 H\u1ed3 s\u01a1 c\u1ea7n tuy\u1ec3n: 50 SU\u1ea4T\u00a0 H\u1ea1n cu\u1ed1i nh\u1eadn h\u1ed3 s\u01a1: 10\/04\/2026 \u01afu \u0111\u00e3i \u0111\u1eb7c bi\u1ec7t: Li\u00ean h\u1ec7 nh\u1eadn \u01b0u \u0111\u00e3i: 0987.072.883 &#8211; 028.7101.6011 H\u1ecdc ph\u00ed \u0111\u00e3 gi\u1ea3m:\u00a0&#8230;<\/p>\n","protected":false},"author":1,"featured_media":0,"parent":0,"menu_order":0,"comment_status":"closed","ping_status":"closed","template":"","meta":{"_acf_changed":false,"footnotes":""},"class_list":["post-858","page","type-page","status-publish","hentry"],"acf":[],"yoast_head":"<!-- This site is optimized with the Yoast SEO plugin v24.8 - https:\/\/yoast.com\/wordpress\/plugins\/seo\/ -->\n<title>H\u1ea1ng B t\u1ef1 \u0111\u1ed9ng - TR\u01af\u1edcNG TRUNG C\u1ea4P NGUY\u1ec4N T\u1ea4T TH\u00c0NH<\/title>\n<meta name=\"robots\" content=\"noindex, follow, max-snippet:-1, max-image-preview:large, max-video-preview:-1\" \/>\n<meta property=\"og:locale\" content=\"vi_VN\" \/>\n<meta property=\"og:type\" content=\"article\" \/>\n<meta property=\"og:title\" content=\"H\u1ea1ng B t\u1ef1 \u0111\u1ed9ng - TR\u01af\u1edcNG TRUNG C\u1ea4P NGUY\u1ec4N T\u1ea4T TH\u00c0NH\" \/>\n<meta property=\"og:description\" content=\"\u27a6 KH\u00d3A H\u1eccC L\u00c1I XE \u00d4 T\u00d4 B S\u1ed0 T\u1ef0 \u0110\u1ed8NG Kh\u00f3a h\u1ecdc l\u00e1i xe \u00f4 t\u00f4 h\u1ea1ng B (T\u1ef1 \u0111\u1ed9ng): Kh\u00f3a 5-26B1 Ng\u00e0y khai gi\u1ea3ng: 10\/04\/2026 H\u1ed3 s\u01a1 c\u1ea7n tuy\u1ec3n: 50 SU\u1ea4T\u00a0 H\u1ea1n cu\u1ed1i nh\u1eadn h\u1ed3 s\u01a1: 10\/04\/2026 \u01afu \u0111\u00e3i \u0111\u1eb7c bi\u1ec7t: Li\u00ean h\u1ec7 nh\u1eadn \u01b0u \u0111\u00e3i: 0987.072.883 &#8211; 028.7101.6011 H\u1ecdc ph\u00ed \u0111\u00e3 gi\u1ea3m:\u00a0...\" \/>\n<meta property=\"og:url\" content=\"https:\/\/ntttc.edu.vn\/?page_id=858\" \/>\n<meta property=\"og:site_name\" content=\"TR\u01af\u1edcNG TRUNG C\u1ea4P NGUY\u1ec4N T\u1ea4T TH\u00c0NH\" \/>\n<meta property=\"article:modified_time\" content=\"2026-03-23T08:56:19+00:00\" \/>\n<meta name=\"twitter:card\" content=\"summary_large_image\" \/>\n<meta name=\"twitter:label1\" content=\"\u01af\u1edbc t\u00ednh th\u1eddi gian \u0111\u1ecdc\" \/>\n\t<meta name=\"twitter:data1\" content=\"1 ph\u00fat\" \/>\n<script type=\"application\/ld+json\" class=\"yoast-schema-graph\">{\"@context\":\"https:\/\/schema.org\",\"@graph\":[{\"@type\":\"WebPage\",\"@id\":\"https:\/\/ntttc.edu.vn\/?page_id=858\",\"url\":\"https:\/\/ntttc.edu.vn\/?page_id=858\",\"name\":\"H\u1ea1ng B t\u1ef1 \u0111\u1ed9ng - TR\u01af\u1edcNG TRUNG C\u1ea4P NGUY\u1ec4N T\u1ea4T TH\u00c0NH\",\"isPartOf\":{\"@id\":\"https:\/\/ntttc.edu.vn\/#website\"},\"datePublished\":\"2025-07-25T07:47:46+00:00\",\"dateModified\":\"2026-03-23T08:56:19+00:00\",\"breadcrumb\":{\"@id\":\"https:\/\/ntttc.edu.vn\/?page_id=858#breadcrumb\"},\"inLanguage\":\"vi\",\"potentialAction\":[{\"@type\":\"ReadAction\",\"target\":[\"https:\/\/ntttc.edu.vn\/?page_id=858\"]}]},{\"@type\":\"BreadcrumbList\",\"@id\":\"https:\/\/ntttc.edu.vn\/?page_id=858#breadcrumb\",\"itemListElement\":[{\"@type\":\"ListItem\",\"position\":1,\"name\":\"Trang ch\u1ee7\",\"item\":\"https:\/\/ntttc.edu.vn\/\"},{\"@type\":\"ListItem\",\"position\":2,\"name\":\"H\u1ea1ng B t\u1ef1 \u0111\u1ed9ng\"}]},{\"@type\":\"WebSite\",\"@id\":\"https:\/\/ntttc.edu.vn\/#website\",\"url\":\"https:\/\/ntttc.edu.vn\/\",\"name\":\"TR\u01af\u1edcNG TRUNG C\u1ea4P NGUY\u1ec4N T\u1ea4T TH\u00c0NH\",\"description\":\"\",\"potentialAction\":[{\"@type\":\"SearchAction\",\"target\":{\"@type\":\"EntryPoint\",\"urlTemplate\":\"https:\/\/ntttc.edu.vn\/?s={search_term_string}\"},\"query-input\":{\"@type\":\"PropertyValueSpecification\",\"valueRequired\":true,\"valueName\":\"search_term_string\"}}],\"inLanguage\":\"vi\"}]}<\/script>\n<!-- \/ Yoast SEO plugin. -->","yoast_head_json":{"title":"H\u1ea1ng B t\u1ef1 \u0111\u1ed9ng - TR\u01af\u1edcNG TRUNG C\u1ea4P NGUY\u1ec4N T\u1ea4T TH\u00c0NH","robots":{"index":"noindex","follow":"follow","max-snippet":"max-snippet:-1","max-image-preview":"max-image-preview:large","max-video-preview":"max-video-preview:-1"},"og_locale":"vi_VN","og_type":"article","og_title":"H\u1ea1ng B t\u1ef1 \u0111\u1ed9ng - TR\u01af\u1edcNG TRUNG C\u1ea4P NGUY\u1ec4N T\u1ea4T TH\u00c0NH","og_description":"\u27a6 KH\u00d3A H\u1eccC L\u00c1I XE \u00d4 T\u00d4 B S\u1ed0 T\u1ef0 \u0110\u1ed8NG Kh\u00f3a h\u1ecdc l\u00e1i xe \u00f4 t\u00f4 h\u1ea1ng B (T\u1ef1 \u0111\u1ed9ng): Kh\u00f3a 5-26B1 Ng\u00e0y khai gi\u1ea3ng: 10\/04\/2026 H\u1ed3 s\u01a1 c\u1ea7n tuy\u1ec3n: 50 SU\u1ea4T\u00a0 H\u1ea1n cu\u1ed1i nh\u1eadn h\u1ed3 s\u01a1: 10\/04\/2026 \u01afu \u0111\u00e3i \u0111\u1eb7c bi\u1ec7t: Li\u00ean h\u1ec7 nh\u1eadn \u01b0u \u0111\u00e3i: 0987.072.883 &#8211; 028.7101.6011 H\u1ecdc ph\u00ed \u0111\u00e3 gi\u1ea3m:\u00a0...","og_url":"https:\/\/ntttc.edu.vn\/?page_id=858","og_site_name":"TR\u01af\u1edcNG TRUNG C\u1ea4P NGUY\u1ec4N T\u1ea4T TH\u00c0NH","article_modified_time":"2026-03-23T08:56:19+00:00","twitter_card":"summary_large_image","twitter_misc":{"\u01af\u1edbc t\u00ednh th\u1eddi gian \u0111\u1ecdc":"1 ph\u00fat"},"schema":{"@context":"https:\/\/schema.org","@graph":[{"@type":"WebPage","@id":"https:\/\/ntttc.edu.vn\/?page_id=858","url":"https:\/\/ntttc.edu.vn\/?page_id=858","name":"H\u1ea1ng B t\u1ef1 \u0111\u1ed9ng - TR\u01af\u1edcNG TRUNG C\u1ea4P NGUY\u1ec4N T\u1ea4T TH\u00c0NH","isPartOf":{"@id":"https:\/\/ntttc.edu.vn\/#website"},"datePublished":"2025-07-25T07:47:46+00:00","dateModified":"2026-03-23T08:56:19+00:00","breadcrumb":{"@id":"https:\/\/ntttc.edu.vn\/?page_id=858#breadcrumb"},"inLanguage":"vi","potentialAction":[{"@type":"ReadAction","target":["https:\/\/ntttc.edu.vn\/?page_id=858"]}]},{"@type":"BreadcrumbList","@id":"https:\/\/ntttc.edu.vn\/?page_id=858#breadcrumb","itemListElement":[{"@type":"ListItem","position":1,"name":"Trang ch\u1ee7","item":"https:\/\/ntttc.edu.vn\/"},{"@type":"ListItem","position":2,"name":"H\u1ea1ng B t\u1ef1 \u0111\u1ed9ng"}]},{"@type":"WebSite","@id":"https:\/\/ntttc.edu.vn\/#website","url":"https:\/\/ntttc.edu.vn\/","name":"TR\u01af\u1edcNG TRUNG C\u1ea4P NGUY\u1ec4N T\u1ea4T TH\u00c0NH","description":"","potentialAction":[{"@type":"SearchAction","target":{"@type":"EntryPoint","urlTemplate":"https:\/\/ntttc.edu.vn\/?s={search_term_string}"},"query-input":{"@type":"PropertyValueSpecification","valueRequired":true,"valueName":"search_term_string"}}],"inLanguage":"vi"}]}},"_links":{"self":[{"href":"https:\/\/ntttc.edu.vn\/index.php?rest_route=\/wp\/v2\/pages\/858","targetHints":{"allow":["GET"]}}],"collection":[{"href":"https:\/\/ntttc.edu.vn\/index.php?rest_route=\/wp\/v2\/pages"}],"about":[{"href":"https:\/\/ntttc.edu.vn\/index.php?rest_route=\/wp\/v2\/types\/page"}],"author":[{"embeddable":true,"href":"https:\/\/ntttc.edu.vn\/index.php?rest_route=\/wp\/v2\/users\/1"}],"replies":[{"embeddable":true,"href":"https:\/\/ntttc.edu.vn\/index.php?rest_route=%2Fwp%2Fv2%2Fcomments&post=858"}],"version-history":[{"count":13,"href":"https:\/\/ntttc.edu.vn\/index.php?rest_route=\/wp\/v2\/pages\/858\/revisions"}],"predecessor-version":[{"id":1243,"href":"https:\/\/ntttc.edu.vn\/index.php?rest_route=\/wp\/v2\/pages\/858\/revisions\/1243"}],"wp:attachment":[{"href":"https:\/\/ntttc.edu.vn\/index.php?rest_route=%2Fwp%2Fv2%2Fmedia&parent=858"}],"curies":[{"name":"wp","href":"https:\/\/api.w.org\/{rel}","templated":true}]}}