{"id":852,"date":"2025-07-25T14:23:09","date_gmt":"2025-07-25T07:23:09","guid":{"rendered":"http:\/\/ntttc.edu.vn\/?page_id=852"},"modified":"2026-01-14T08:19:53","modified_gmt":"2026-01-14T01:19:53","slug":"khoa-hoc","status":"publish","type":"page","link":"https:\/\/ntttc.edu.vn\/?page_id=852","title":{"rendered":"Kho\u00e1 h\u1ecdc"},"content":{"rendered":"<div class=\"title_chuy\">\n<p><strong>\u27a6\u00a0L\u1ed8 TR\u00ccNH H\u1eccC L\u00c1I XE \u00d4 T\u00d4 R\u00d5 R\u00c0NG MINH B\u1ea0CH<\/strong><\/p>\n<\/div>\n<div>\n<p><strong>\u2705 \u0110\u1ed9i ng\u0169 qu\u1ea3n l\u00fd<\/strong>: Nh\u00e0 tr\u01b0\u1eddng tr\u1ef1c thu\u1ed9c S\u1edf X\u00e2y d\u1ef1ng, S\u1edf Gi\u00e1o d\u1ee5c- \u0110\u00e0o t\u1ea1o\u00a0 qu\u1ea3n l\u00fd, \u0111\u1ea3m b\u1ea3o t\u00ednh chuy\u00ean nghi\u1ec7p v\u00e0 uy t\u00edn trong quy tr\u00ecnh \u0111\u00e0o t\u1ea1o.<\/p>\n<p><strong>\u2705 Minh b\u1ea1ch v\u1ec1 h\u1ecdc ph\u00ed<\/strong>: H\u1ecdc ph\u00ed \u0111\u01b0\u1ee3c th\u00f4ng tin r\u00f5 r\u00e0ng, minh b\u1ea1ch v\u00e0 c\u00f3 cam k\u1ebft b\u1eb1ng h\u1ee3p \u0111\u1ed3ng ch\u00ednh th\u1ee9c gi\u1eefa hai b\u00ean, \u0111\u1ea3m b\u1ea3o quy\u1ec1n l\u1ee3i cho h\u1ecdc vi\u00ean.<\/p>\n<p><strong>\u2705 Ch\u01b0\u01a1ng tr\u00ecnh h\u1ecdc c\u1ee5 th\u1ec3<\/strong>: L\u1ed9 tr\u00ecnh \u0111\u00e0o t\u1ea1o \u0111\u01b0\u1ee3c chia s\u1ebb ngay t\u1eeb \u0111\u1ea7u \u0111\u1ec3 h\u1ecdc vi\u00ean n\u1eafm b\u1eaft r\u00f5 n\u1ed9i dung h\u1ecdc v\u00e0 y\u00eau c\u1ea7u th\u1ef1c h\u00e0nh.<\/p>\n<p><strong>\u2705 H\u1ecdc 1 k\u00e8m 1<\/strong>: C\u00e1ch th\u1ee9c h\u1ecdc 1 k\u00e8m 1 gi\u00fap t\u1ed1i \u01b0u h\u00f3a qu\u00e1 tr\u00ecnh h\u1ecdc t\u1eadp, v\u1edbi h\u1ecdc ph\u00ed gi\u1eef nguy\u00ean kh\u00f4ng thay \u0111\u1ed5i, \u0111\u1ea3m b\u1ea3o h\u1ecdc vi\u00ean \u0111\u01b0\u1ee3c quan t\u00e2m v\u00e0 h\u01b0\u1edbng d\u1eabn k\u1ef9 l\u01b0\u1ee1ng.<\/p>\n<p><strong>\u2705 Th\u1ef1c h\u00e0nh th\u1ef1c t\u1ebf<\/strong>: \u0110\u1ea3m b\u1ea3o \u0111\u1ea7y \u0111\u1ee7 gi\u1edd th\u1ef1c h\u00e0nh cho h\u1ecdc vi\u00ean, gi\u00fap n\u00e2ng cao k\u1ef9 n\u0103ng l\u00e1i xe v\u00e0 \u0111\u1ea3m b\u1ea3o s\u1ef1 t\u1ef1 tin khi tham gia giao th\u00f4ng.<\/p>\n<p><strong>\u2705 H\u1ec7 th\u1ed1ng xe t\u1eadp l\u00e1i hi\u1ec7n \u0111\u1ea1i<\/strong>: S\u1eed d\u1ee5ng xe \u0111\u1eddi m\u1edbi, c\u00f3 trang b\u1ecb m\u00e1y l\u1ea1nh v\u00e0 tr\u1ee3 l\u1ef1c tay l\u00e1i, t\u1ea1o c\u1ea3m gi\u00e1c tho\u1ea3i m\u00e1i v\u00e0 an to\u00e0n khi h\u1ecdc vi\u00ean th\u1ef1c h\u00e0nh.<\/p>\n<p><strong>\u2705 Cam k\u1ebft v\u1ec1 l\u1ecbch thi<\/strong>: Nh\u00e0 tr\u01b0\u1eddng ho\u00e0n to\u00e0n ch\u1ecbu tr\u00e1ch nhi\u1ec7m n\u1ebfu c\u00f3 sai l\u1ec7ch v\u1ec1 l\u1ecbch thi \u0111\u00e3 cam k\u1ebft, t\u1ea1o s\u1ef1 tin t\u01b0\u1edfng cho h\u1ecdc vi\u00ean v\u1ec1 l\u1ecbch tr\u00ecnh h\u1ecdc v\u00e0 thi<\/p>\n<p><strong>\u26a0\ufe0f C\u1ea3nh gi\u00e1c:<\/strong>\u00a0Tr\u01b0\u1eddng ch\u1ec9 c\u00f3 m\u1ed9t g\u00f3i h\u1ecdc ph\u00ed v\u00e0 \u0111\u01b0\u1ee3c ghi r\u00f5 tr\u00ean h\u1ee3p \u0111\u1ed3ng. Anh\/Ch\u1ecb c\u1ea3nh gi\u00e1c v\u1edbi chi\u00eau tr\u00f2 chia c\u00e1c g\u00f3i h\u1ecdc ph\u00ed gi\u00e1 r\u1ebb kh\u00e1c nhau m\u1ea1o danh tr\u01b0\u1eddng \u0111\u1ec3 tuy\u1ec3n sinh.<\/p>\n<p>\ud83d\udcde\u00a0<strong>Hotline<\/strong>: 0987.072.883<br \/>\n\ud83c\udfe2\u00a0<strong>\u0110\u1ecba ch\u1ec9<\/strong>: S\u1ed1 306 Nguy\u1ec5n Oanh, P.17, Qu\u1eadn G\u00f2 V\u1ea5p<\/p>\n<p>H\u00e3y nhanh tay \u0111\u0103ng k\u00fd \u0111\u1ec3 kh\u00f4ng b\u1ecf l\u1ee1 c\u01a1 h\u1ed9i h\u1ecdc l\u00e1i xe ch\u1ea5t l\u01b0\u1ee3ng cao! Ho\u00e0n th\u00e0nh kh\u00f3a h\u1ecdc trong\u00a0<strong>3 th\u00e1ng<\/strong>, t\u1ef1 tin c\u1ea7m l\u00e1i, chinh ph\u1ee5c m\u1ecdi h\u00e0nh tr\u00ecnh!<\/p>\n<\/div>\n<a href=\"http:\/\/ntttc.edu.vn\/?page_id=434\" class=\"button primary is-xlarge expand nut-dang-ky-noi-bat\"  style=\"border-radius:99px;\">\n\t\t<span>\u0110\u0103ng k\u00fd ngay<\/span>\n\t<\/a>\n\n","protected":false},"excerpt":{"rendered":"<p>\u27a6\u00a0L\u1ed8 TR\u00ccNH H\u1eccC L\u00c1I XE \u00d4 T\u00d4 R\u00d5 R\u00c0NG MINH B\u1ea0CH \u2705 \u0110\u1ed9i ng\u0169 qu\u1ea3n l\u00fd: Nh\u00e0 tr\u01b0\u1eddng tr\u1ef1c thu\u1ed9c S\u1edf X\u00e2y d\u1ef1ng, S\u1edf Gi\u00e1o d\u1ee5c- \u0110\u00e0o t\u1ea1o\u00a0 qu\u1ea3n l\u00fd, \u0111\u1ea3m b\u1ea3o t\u00ednh chuy\u00ean nghi\u1ec7p v\u00e0 uy t\u00edn trong quy tr\u00ecnh \u0111\u00e0o t\u1ea1o. \u2705 Minh b\u1ea1ch v\u1ec1 h\u1ecdc ph\u00ed: H\u1ecdc ph\u00ed \u0111\u01b0\u1ee3c th\u00f4ng tin r\u00f5&#8230;<\/p>\n","protected":false},"author":1,"featured_media":0,"parent":0,"menu_order":0,"comment_status":"closed","ping_status":"closed","template":"page-right-sidebar.php","meta":{"_acf_changed":false,"footnotes":""},"class_list":["post-852","page","type-page","status-publish","hentry"],"acf":[],"yoast_head":"<!-- This site is optimized with the Yoast SEO plugin v24.8 - https:\/\/yoast.com\/wordpress\/plugins\/seo\/ -->\n<title>Kho\u00e1 h\u1ecdc - TR\u01af\u1edcNG TRUNG C\u1ea4P NGUY\u1ec4N T\u1ea4T TH\u00c0NH<\/title>\n<meta name=\"robots\" content=\"noindex, follow, max-snippet:-1, max-image-preview:large, max-video-preview:-1\" \/>\n<meta property=\"og:locale\" content=\"vi_VN\" \/>\n<meta property=\"og:type\" content=\"article\" \/>\n<meta property=\"og:title\" content=\"Kho\u00e1 h\u1ecdc - TR\u01af\u1edcNG TRUNG C\u1ea4P NGUY\u1ec4N T\u1ea4T TH\u00c0NH\" \/>\n<meta property=\"og:description\" content=\"\u27a6\u00a0L\u1ed8 TR\u00ccNH H\u1eccC L\u00c1I XE \u00d4 T\u00d4 R\u00d5 R\u00c0NG MINH B\u1ea0CH \u2705 \u0110\u1ed9i ng\u0169 qu\u1ea3n l\u00fd: Nh\u00e0 tr\u01b0\u1eddng tr\u1ef1c thu\u1ed9c S\u1edf X\u00e2y d\u1ef1ng, S\u1edf Gi\u00e1o d\u1ee5c- \u0110\u00e0o t\u1ea1o\u00a0 qu\u1ea3n l\u00fd, \u0111\u1ea3m b\u1ea3o t\u00ednh chuy\u00ean nghi\u1ec7p v\u00e0 uy t\u00edn trong quy tr\u00ecnh \u0111\u00e0o t\u1ea1o. \u2705 Minh b\u1ea1ch v\u1ec1 h\u1ecdc ph\u00ed: H\u1ecdc ph\u00ed \u0111\u01b0\u1ee3c th\u00f4ng tin r\u00f5...\" \/>\n<meta property=\"og:url\" content=\"https:\/\/ntttc.edu.vn\/?page_id=852\" \/>\n<meta property=\"og:site_name\" content=\"TR\u01af\u1edcNG TRUNG C\u1ea4P NGUY\u1ec4N T\u1ea4T TH\u00c0NH\" \/>\n<meta property=\"article:modified_time\" content=\"2026-01-14T01:19:53+00:00\" \/>\n<meta name=\"twitter:card\" content=\"summary_large_image\" \/>\n<meta name=\"twitter:label1\" content=\"\u01af\u1edbc t\u00ednh th\u1eddi gian \u0111\u1ecdc\" \/>\n\t<meta name=\"twitter:data1\" content=\"2 ph\u00fat\" \/>\n<script type=\"application\/ld+json\" class=\"yoast-schema-graph\">{\"@context\":\"https:\/\/schema.org\",\"@graph\":[{\"@type\":\"WebPage\",\"@id\":\"https:\/\/ntttc.edu.vn\/?page_id=852\",\"url\":\"https:\/\/ntttc.edu.vn\/?page_id=852\",\"name\":\"Kho\u00e1 h\u1ecdc - TR\u01af\u1edcNG TRUNG C\u1ea4P NGUY\u1ec4N T\u1ea4T TH\u00c0NH\",\"isPartOf\":{\"@id\":\"https:\/\/ntttc.edu.vn\/#website\"},\"datePublished\":\"2025-07-25T07:23:09+00:00\",\"dateModified\":\"2026-01-14T01:19:53+00:00\",\"breadcrumb\":{\"@id\":\"https:\/\/ntttc.edu.vn\/?page_id=852#breadcrumb\"},\"inLanguage\":\"vi\",\"potentialAction\":[{\"@type\":\"ReadAction\",\"target\":[\"https:\/\/ntttc.edu.vn\/?page_id=852\"]}]},{\"@type\":\"BreadcrumbList\",\"@id\":\"https:\/\/ntttc.edu.vn\/?page_id=852#breadcrumb\",\"itemListElement\":[{\"@type\":\"ListItem\",\"position\":1,\"name\":\"Trang ch\u1ee7\",\"item\":\"https:\/\/ntttc.edu.vn\/\"},{\"@type\":\"ListItem\",\"position\":2,\"name\":\"Kho\u00e1 h\u1ecdc\"}]},{\"@type\":\"WebSite\",\"@id\":\"https:\/\/ntttc.edu.vn\/#website\",\"url\":\"https:\/\/ntttc.edu.vn\/\",\"name\":\"TR\u01af\u1edcNG TRUNG C\u1ea4P NGUY\u1ec4N T\u1ea4T TH\u00c0NH\",\"description\":\"\",\"potentialAction\":[{\"@type\":\"SearchAction\",\"target\":{\"@type\":\"EntryPoint\",\"urlTemplate\":\"https:\/\/ntttc.edu.vn\/?s={search_term_string}\"},\"query-input\":{\"@type\":\"PropertyValueSpecification\",\"valueRequired\":true,\"valueName\":\"search_term_string\"}}],\"inLanguage\":\"vi\"}]}<\/script>\n<!-- \/ Yoast SEO plugin. -->","yoast_head_json":{"title":"Kho\u00e1 h\u1ecdc - TR\u01af\u1edcNG TRUNG C\u1ea4P NGUY\u1ec4N T\u1ea4T TH\u00c0NH","robots":{"index":"noindex","follow":"follow","max-snippet":"max-snippet:-1","max-image-preview":"max-image-preview:large","max-video-preview":"max-video-preview:-1"},"og_locale":"vi_VN","og_type":"article","og_title":"Kho\u00e1 h\u1ecdc - TR\u01af\u1edcNG TRUNG C\u1ea4P NGUY\u1ec4N T\u1ea4T TH\u00c0NH","og_description":"\u27a6\u00a0L\u1ed8 TR\u00ccNH H\u1eccC L\u00c1I XE \u00d4 T\u00d4 R\u00d5 R\u00c0NG MINH B\u1ea0CH \u2705 \u0110\u1ed9i ng\u0169 qu\u1ea3n l\u00fd: Nh\u00e0 tr\u01b0\u1eddng tr\u1ef1c thu\u1ed9c S\u1edf X\u00e2y d\u1ef1ng, S\u1edf Gi\u00e1o d\u1ee5c- \u0110\u00e0o t\u1ea1o\u00a0 qu\u1ea3n l\u00fd, \u0111\u1ea3m b\u1ea3o t\u00ednh chuy\u00ean nghi\u1ec7p v\u00e0 uy t\u00edn trong quy tr\u00ecnh \u0111\u00e0o t\u1ea1o. \u2705 Minh b\u1ea1ch v\u1ec1 h\u1ecdc ph\u00ed: H\u1ecdc ph\u00ed \u0111\u01b0\u1ee3c th\u00f4ng tin r\u00f5...","og_url":"https:\/\/ntttc.edu.vn\/?page_id=852","og_site_name":"TR\u01af\u1edcNG TRUNG C\u1ea4P NGUY\u1ec4N T\u1ea4T TH\u00c0NH","article_modified_time":"2026-01-14T01:19:53+00:00","twitter_card":"summary_large_image","twitter_misc":{"\u01af\u1edbc t\u00ednh th\u1eddi gian \u0111\u1ecdc":"2 ph\u00fat"},"schema":{"@context":"https:\/\/schema.org","@graph":[{"@type":"WebPage","@id":"https:\/\/ntttc.edu.vn\/?page_id=852","url":"https:\/\/ntttc.edu.vn\/?page_id=852","name":"Kho\u00e1 h\u1ecdc - TR\u01af\u1edcNG TRUNG C\u1ea4P NGUY\u1ec4N T\u1ea4T TH\u00c0NH","isPartOf":{"@id":"https:\/\/ntttc.edu.vn\/#website"},"datePublished":"2025-07-25T07:23:09+00:00","dateModified":"2026-01-14T01:19:53+00:00","breadcrumb":{"@id":"https:\/\/ntttc.edu.vn\/?page_id=852#breadcrumb"},"inLanguage":"vi","potentialAction":[{"@type":"ReadAction","target":["https:\/\/ntttc.edu.vn\/?page_id=852"]}]},{"@type":"BreadcrumbList","@id":"https:\/\/ntttc.edu.vn\/?page_id=852#breadcrumb","itemListElement":[{"@type":"ListItem","position":1,"name":"Trang ch\u1ee7","item":"https:\/\/ntttc.edu.vn\/"},{"@type":"ListItem","position":2,"name":"Kho\u00e1 h\u1ecdc"}]},{"@type":"WebSite","@id":"https:\/\/ntttc.edu.vn\/#website","url":"https:\/\/ntttc.edu.vn\/","name":"TR\u01af\u1edcNG TRUNG C\u1ea4P NGUY\u1ec4N T\u1ea4T TH\u00c0NH","description":"","potentialAction":[{"@type":"SearchAction","target":{"@type":"EntryPoint","urlTemplate":"https:\/\/ntttc.edu.vn\/?s={search_term_string}"},"query-input":{"@type":"PropertyValueSpecification","valueRequired":true,"valueName":"search_term_string"}}],"inLanguage":"vi"}]}},"_links":{"self":[{"href":"https:\/\/ntttc.edu.vn\/index.php?rest_route=\/wp\/v2\/pages\/852","targetHints":{"allow":["GET"]}}],"collection":[{"href":"https:\/\/ntttc.edu.vn\/index.php?rest_route=\/wp\/v2\/pages"}],"about":[{"href":"https:\/\/ntttc.edu.vn\/index.php?rest_route=\/wp\/v2\/types\/page"}],"author":[{"embeddable":true,"href":"https:\/\/ntttc.edu.vn\/index.php?rest_route=\/wp\/v2\/users\/1"}],"replies":[{"embeddable":true,"href":"https:\/\/ntttc.edu.vn\/index.php?rest_route=%2Fwp%2Fv2%2Fcomments&post=852"}],"version-history":[{"count":13,"href":"https:\/\/ntttc.edu.vn\/index.php?rest_route=\/wp\/v2\/pages\/852\/revisions"}],"predecessor-version":[{"id":1219,"href":"https:\/\/ntttc.edu.vn\/index.php?rest_route=\/wp\/v2\/pages\/852\/revisions\/1219"}],"wp:attachment":[{"href":"https:\/\/ntttc.edu.vn\/index.php?rest_route=%2Fwp%2Fv2%2Fmedia&parent=852"}],"curies":[{"name":"wp","href":"https:\/\/api.w.org\/{rel}","templated":true}]}}