{"id":18,"date":"2024-12-03T09:22:42","date_gmt":"2024-12-03T09:22:42","guid":{"rendered":"https:\/\/code.webrt.net\/toptictac\/?page_id=18"},"modified":"2026-01-12T09:01:16","modified_gmt":"2026-01-12T02:01:16","slug":"gioi-thieu","status":"publish","type":"page","link":"https:\/\/ntttc.edu.vn\/?page_id=18","title":{"rendered":"Gi\u1edbi thi\u1ec7u"},"content":{"rendered":"<p style=\"text-align: left;\">\u00a0 \u00a0 \u00a0 Tr\u01b0\u1eddng Trung c\u1ea5p Kinh t\u1ebf K\u1ef9 thu\u1eadt Nguy\u1ec5n T\u1ea5t Th\u00e0nh l\u00e0 \u0111\u01a1n v\u1ecb \u0111\u00e0o t\u1ea1o l\u00e1i xe h\u1ea1ng A1 (m\u00f4 t\u00f4) v\u00e0 h\u1ea1ng B C\u01a1 kh\u00ed (tr\u01b0\u1edbc \u0111\u00e2y g\u1ecdi l\u00e0 h\u1ea1ng B2); H\u1ea1ng B T\u1ef1 \u0111\u1ed9ng (tr\u01b0\u1edbc \u0111\u00e2y g\u1ecdi l\u00e0 B11) uy t\u00edn, ch\u1ea5t l\u01b0\u1ee3ng v\u00e0 an to\u00e0n, gi\u00fap ng\u01b0\u1eddi h\u1ecdc sau khi \u0111\u1ea1t s\u00e1t h\u1ea1ch \u0111\u01b0\u1ee3c c\u1ea5p gi\u1ea5y ph\u00e9p l\u00e1i xe s\u1ebd t\u1ef1 tin \u0111i\u1ec1u khi\u1ec3n xe tr\u00ean c\u00e1c lo\u1ea1i \u0111\u01b0\u1eddng ph\u1ed1, n\u00f4ng th\u00f4n v\u00e0 cao t\u1ed1c.<\/p>\n<p style=\"text-align: left;\">\u00a0 \u00a0 \u00a0 V\u1edbi h\u00e0nh tr\u00ecnh h\u01a1n hai th\u1eadp k\u1ef7 h\u00ecnh th\u00e0nh v\u00e0 ph\u00e1t tri\u1ec3n k\u1ec3 t\u1eeb n\u0103m 2002, Tr\u01b0\u1eddng lu\u00f4n l\u1ea5y ng\u01b0\u1eddi h\u1ecdc l\u00e0m trung t\u00e2m; c\u00f4ng t\u00e1c t\u01b0 v\u1ea5n h\u01b0\u1edbng nghi\u1ec7p, l\u1ef1a ch\u1ecdn h\u1ea1ng \u0111\u00e0o t\u1ea1o \u0111\u1ebfn qu\u00e1 tr\u00ecnh h\u1ecdc v\u1edbi s\u1ee9 m\u1ec7nh k\u1ef9 n\u0103ng l\u00e1i xe an to\u00e0n c\u1ee7a ng\u01b0\u1eddi h\u1ecdc l\u00e0 h\u1ea1nh ph\u00fac c\u1ee7a gi\u00e1o vi\u00ean v\u00e0 nh\u00e2n vi\u00ean. Ch\u00fang t\u00f4i lu\u00f4n c\u1ea7u th\u1ecb l\u1eafng nghe \u00fd ki\u1ebfn \u0111\u00f3ng g\u00f3p \u0111\u1ec3 c\u1ea3i ti\u1ebfn cung c\u00e1ch l\u00e0m vi\u1ec7c, c\u1ea3i ti\u1ebfn ph\u01b0\u01a1ng ph\u00e1p gi\u1ea3ng d\u1ea1y \u0111\u1ec3 ng\u01b0\u1eddi h\u1ecdc \u0111\u1ea1t hi\u1ec7u qu\u1ea3 cao nh\u1ea5t c\u00f3 th\u1ec3.<\/p>\n<p style=\"text-align: left;\">\u00a0 \u00a0 \u00a0 \u0110\u1ed9i ng\u0169 nh\u00e2n vi\u00ean t\u1eadn t\u00ecnh h\u1ed7 tr\u1ee3 m\u1ecdi l\u00fac, m\u1ecdi n\u01a1i cho ng\u01b0\u1eddi h\u1ecdc. Gi\u00e1o vi\u00ean \u0111\u01b0\u1ee3c \u0111\u00e0o t\u1ea1o b\u00e0i b\u1ea3n v\u1ec1 nghi\u1ec7p v\u1ee5 s\u01b0 ph\u1ea1m, lu\u00f4n t\u1eadn t\u00e2m h\u01b0\u1edbng d\u1eabn nh\u1eb9 nh\u00e0ng, d\u1ec5 hi\u1ec3u v\u1edbi m\u1ee5c ti\u00eau m\u1ed7i ng\u00e0y \u0111i h\u1ecdc l\u00e0 m\u1ed9t ng\u00e0y vui.<\/p>\n<p style=\"text-align: left;\">\u00a0 \u00a0 \u00a0 C\u00e1c kh\u00f3a \u0111\u00e0o t\u1ea1o \u0111\u01b0\u1ee3c khai gi\u1ea3ng th\u01b0\u1eddng xuy\u00ean, h\u1ea1ng A1 khai gi\u1ea3ng theo tu\u1ea7n, h\u1ea1ng B khai gi\u1ea3ng theo th\u00e1ng v\u1edbi l\u1ecbch h\u1ecdc linh ho\u1ea1t nh\u1eb1m \u0111\u00e1p \u1ee9ng m\u1ecdi nhu c\u1ea7u c\u1ee7a ng\u01b0\u1eddi h\u1ecdc.<\/p>\n<p style=\"text-align: left;\"><strong>\u00a0 \u00a0 \u00a0 T\u1ea7m nh\u00ecn<\/strong>: \u0111\u1ebfn n\u0103m 2035 l\u00e0 \u0111\u01a1n v\u1ecb \u0111\u00e0o t\u1ea1o \u0111a ng\u00e0nh, \u0111a l\u0129nh v\u1ef1c top \u0111\u1ea7u Th\u00e0nh ph\u1ed1 H\u1ed3 Ch\u00ed Minh, \u01b0u ti\u00ean ph\u00e1t tri\u1ec3n ch\u01b0\u01a1ng tr\u00ecnh \u0111\u00e0o t\u1ea1o \u1ee9ng d\u1ee5ng c\u00f4ng ngh\u1ec7 s\u1ed1, \u0111\u00e1p \u1ee9ng v\u1edbi th\u1eddi \u0111\u1ea1i s\u1ed1.<\/p>\n<p style=\"text-align: left;\"><strong>\u00a0 \u00a0 \u00a0 S\u1ee9 m\u1ec7nh:<\/strong> Tr\u01b0\u1eddng Trung c\u1ea5p Kinh t\u1ebf K\u1ef9 thu\u1eadt Nguy\u1ec5n T\u1ea5t Th\u00e0nh cam k\u1ebft \u0111\u00e0o t\u1ea1o ngu\u1ed3n nh\u00e2n l\u1ef1c l\u00e0nh ngh\u1ec1, t\u00e1c phong c\u00f4ng nghi\u1ec7p, l\u00e0m vi\u1ec7c tr\u00e1ch nhi\u1ec7m v\u00e0 an to\u00e0n h\u00e0ng \u0111\u1ea7u.<\/p>\n<p style=\"text-align: left;\"><strong>\u00a0 \u00a0 \u00a0 Gi\u00e1 tr\u1ecb c\u1ed1t l\u00f5i<\/strong>:<\/p>\n<p style=\"text-align: left;\"><strong>\u00a0 \u00a0 \u00a0 * K\u1ef9 n\u0103ng l\u00e1i xe v\u1eefng v\u00e0ng k\u1ebft h\u1ee3p tinh th\u1ea7n tr\u00e1ch nhi\u1ec7m v\u00e0 \u0111\u1ea1o \u0111\u1ee9c ngh\u1ec1 nghi\u1ec7p<\/strong>: Kh\u00f4ng ch\u1ec9 d\u1eebng l\u1ea1i \u1edf vi\u1ec7c v\u01b0\u1ee3t qua k\u1ef3 thi, ch\u00fang t\u00f4i nh\u1ea5n m\u1ea1nh vi\u1ec7c h\u00ecnh th\u00e0nh th\u00f3i quen l\u00e1i xe an to\u00e0n, v\u0103n minh.<\/p>\n<p style=\"text-align: left;\"><strong>\u00a0 \u00a0 \u00a0 * L\u1ecbch h\u1ecdc linh ho\u1ea1t t\u1ed1i \u01b0u nh\u1ea5t<\/strong>: \u0110a d\u1ea1ng khung gi\u1edd, \u0111\u1ea3m b\u1ea3o kh\u00f4ng ai b\u1ecb b\u1ecf l\u1ea1i ph\u00eda sau v\u00ec l\u1ecbch tr\u00ecnh c\u00e1 nh\u00e2n.<\/p>\n<p style=\"text-align: left;\"><strong>\u00a0 \u00a0 \u00a0 * N\u1eafm v\u1eefng Lu\u1eadt Giao th\u00f4ng \u0111\u01b0\u1eddng b\u1ed9 v\u00e0 \u00fd th\u1ee9c ch\u1ea5p h\u00e0nh nghi\u00eam ng\u1eb7t<\/strong>: Ch\u01b0\u01a1ng tr\u00ecnh l\u00fd thuy\u1ebft \u0111\u01b0\u1ee3c gi\u1ea3ng d\u1ea1y b\u1edfi \u0111\u1ed9i ng\u0169 gi\u00e1o vi\u00ean gi\u00e0u kinh nghi\u1ec7m, k\u1ebft h\u1ee3p t\u00e0i li\u1ec7u c\u1eadp nh\u1eadt m\u1edbi nh\u1ea5t, gi\u00fap h\u1ecdc vi\u00ean kh\u00f4ng ch\u1ec9 \u0111\u1ed7 \u0111\u1ea1t m\u00e0 c\u00f2n tr\u1edf th\u00e0nh nh\u1eefng t\u00e0i x\u1ebf c\u00f3 tr\u00e1ch nhi\u1ec7m v\u1edbi c\u1ed9ng \u0111\u1ed3ng.<\/p>\n<p style=\"text-align: left;\">\u00a0 \u00a0 \u00a0 Ch\u00fang t\u00f4i r\u1ea5t h\u00e2n h\u1ea1nh \u0111\u01b0\u1ee3c \u0111\u00f3n ti\u1ebfp Qu\u00fd v\u1ecb t\u1ea1i c\u01a1 s\u1edf ghi danh ch\u00ednh th\u1ee9c:<\/p>\n<p style=\"text-align: left;\"><strong>\u00a0 \u00a0 \u00a0 \u0110\u1ecba ch\u1ec9:<\/strong> 306 Nguy\u1ec5n Oanh, Ph\u01b0\u1eddng G\u00f2 V\u1ea5p, Th\u00e0nh ph\u1ed1 H\u1ed3 Ch\u00ed Minh.<\/p>\n<p style=\"text-align: left;\"><strong>\u00a0 \u00a0 \u00a0 \u0110i\u1ec7n tho\u1ea1i:<\/strong> 0987.072.883<\/p>\n<p style=\"text-align: left;\">\u00a0 \u00a0 \u00a0 H\u00e3y li\u00ean h\u1ec7 ngay h\u00f4m nay \u0111\u1ec3 \u0111\u01b0\u1ee3c t\u01b0 v\u1ea5n chi ti\u1ebft v\u00e0 \u0111\u0103ng k\u00fd kh\u00f3a h\u1ecdc ph\u00f9 h\u1ee3p nh\u1ea5t. Tr\u01b0\u1eddng Trung c\u1ea5p Kinh t\u1ebf K\u1ef9 thu\u1eadt Nguy\u1ec5n T\u1ea5t Th\u00e0nh lu\u00f4n s\u1eb5n s\u00e0ng \u0111\u1ed3ng h\u00e0nh c\u00f9ng Qu\u00fd v\u1ecb tr\u00ean h\u00e0nh tr\u00ecnh chinh ph\u1ee5c b\u1eb1ng l\u00e1i xe m\u1ed9t c\u00e1ch an to\u00e0n v\u00e0 chuy\u00ean nghi\u1ec7p!<\/p>\n<p style=\"text-align: left;\">\u00a0 \u00a0 \u00a0 Tr\u00e2n tr\u1ecdng!<\/p>\n<div class=\"content-post-detail block-img-float mb40\">\n<p style=\"text-align: left;\">\n<\/div>\n","protected":false},"excerpt":{"rendered":"<p>\u00a0 \u00a0 \u00a0 Tr\u01b0\u1eddng Trung c\u1ea5p Kinh t\u1ebf K\u1ef9 thu\u1eadt Nguy\u1ec5n T\u1ea5t Th\u00e0nh l\u00e0 \u0111\u01a1n v\u1ecb \u0111\u00e0o t\u1ea1o l\u00e1i xe h\u1ea1ng A1 (m\u00f4 t\u00f4) v\u00e0 h\u1ea1ng B C\u01a1 kh\u00ed (tr\u01b0\u1edbc \u0111\u00e2y g\u1ecdi l\u00e0 h\u1ea1ng B2); H\u1ea1ng B T\u1ef1 \u0111\u1ed9ng (tr\u01b0\u1edbc \u0111\u00e2y g\u1ecdi l\u00e0 B11) uy t\u00edn, ch\u1ea5t l\u01b0\u1ee3ng v\u00e0 an to\u00e0n, gi\u00fap ng\u01b0\u1eddi h\u1ecdc sau&#8230;<\/p>\n","protected":false},"author":1,"featured_media":0,"parent":0,"menu_order":0,"comment_status":"closed","ping_status":"closed","template":"page-blank-title-center.php","meta":{"_acf_changed":false,"footnotes":""},"class_list":["post-18","page","type-page","status-publish","hentry"],"acf":[],"yoast_head":"<!-- This site is optimized with the Yoast SEO plugin v24.8 - https:\/\/yoast.com\/wordpress\/plugins\/seo\/ -->\n<title>Gi\u1edbi thi\u1ec7u - TR\u01af\u1edcNG TRUNG C\u1ea4P NGUY\u1ec4N T\u1ea4T TH\u00c0NH<\/title>\n<meta name=\"robots\" content=\"noindex, follow, max-snippet:-1, max-image-preview:large, max-video-preview:-1\" \/>\n<meta property=\"og:locale\" content=\"vi_VN\" \/>\n<meta property=\"og:type\" content=\"article\" \/>\n<meta property=\"og:title\" content=\"Gi\u1edbi thi\u1ec7u - TR\u01af\u1edcNG TRUNG C\u1ea4P NGUY\u1ec4N T\u1ea4T TH\u00c0NH\" \/>\n<meta property=\"og:description\" content=\"\u00a0 \u00a0 \u00a0 Tr\u01b0\u1eddng Trung c\u1ea5p Kinh t\u1ebf K\u1ef9 thu\u1eadt Nguy\u1ec5n T\u1ea5t Th\u00e0nh l\u00e0 \u0111\u01a1n v\u1ecb \u0111\u00e0o t\u1ea1o l\u00e1i xe h\u1ea1ng A1 (m\u00f4 t\u00f4) v\u00e0 h\u1ea1ng B C\u01a1 kh\u00ed (tr\u01b0\u1edbc \u0111\u00e2y g\u1ecdi l\u00e0 h\u1ea1ng B2); H\u1ea1ng B T\u1ef1 \u0111\u1ed9ng (tr\u01b0\u1edbc \u0111\u00e2y g\u1ecdi l\u00e0 B11) uy t\u00edn, ch\u1ea5t l\u01b0\u1ee3ng v\u00e0 an to\u00e0n, gi\u00fap ng\u01b0\u1eddi h\u1ecdc sau...\" \/>\n<meta property=\"og:url\" content=\"https:\/\/ntttc.edu.vn\/?page_id=18\" \/>\n<meta property=\"og:site_name\" content=\"TR\u01af\u1edcNG TRUNG C\u1ea4P NGUY\u1ec4N T\u1ea4T TH\u00c0NH\" \/>\n<meta property=\"article:modified_time\" content=\"2026-01-12T02:01:16+00:00\" \/>\n<meta name=\"twitter:card\" content=\"summary_large_image\" \/>\n<meta name=\"twitter:label1\" content=\"\u01af\u1edbc t\u00ednh th\u1eddi gian \u0111\u1ecdc\" \/>\n\t<meta name=\"twitter:data1\" content=\"3 ph\u00fat\" \/>\n<script type=\"application\/ld+json\" class=\"yoast-schema-graph\">{\"@context\":\"https:\/\/schema.org\",\"@graph\":[{\"@type\":\"WebPage\",\"@id\":\"https:\/\/ntttc.edu.vn\/?page_id=18\",\"url\":\"https:\/\/ntttc.edu.vn\/?page_id=18\",\"name\":\"Gi\u1edbi thi\u1ec7u - TR\u01af\u1edcNG TRUNG C\u1ea4P NGUY\u1ec4N T\u1ea4T TH\u00c0NH\",\"isPartOf\":{\"@id\":\"https:\/\/ntttc.edu.vn\/#website\"},\"datePublished\":\"2024-12-03T09:22:42+00:00\",\"dateModified\":\"2026-01-12T02:01:16+00:00\",\"breadcrumb\":{\"@id\":\"https:\/\/ntttc.edu.vn\/?page_id=18#breadcrumb\"},\"inLanguage\":\"vi\",\"potentialAction\":[{\"@type\":\"ReadAction\",\"target\":[\"https:\/\/ntttc.edu.vn\/?page_id=18\"]}]},{\"@type\":\"BreadcrumbList\",\"@id\":\"https:\/\/ntttc.edu.vn\/?page_id=18#breadcrumb\",\"itemListElement\":[{\"@type\":\"ListItem\",\"position\":1,\"name\":\"Trang ch\u1ee7\",\"item\":\"https:\/\/ntttc.edu.vn\/\"},{\"@type\":\"ListItem\",\"position\":2,\"name\":\"Gi\u1edbi thi\u1ec7u\"}]},{\"@type\":\"WebSite\",\"@id\":\"https:\/\/ntttc.edu.vn\/#website\",\"url\":\"https:\/\/ntttc.edu.vn\/\",\"name\":\"TR\u01af\u1edcNG TRUNG C\u1ea4P NGUY\u1ec4N T\u1ea4T TH\u00c0NH\",\"description\":\"\",\"potentialAction\":[{\"@type\":\"SearchAction\",\"target\":{\"@type\":\"EntryPoint\",\"urlTemplate\":\"https:\/\/ntttc.edu.vn\/?s={search_term_string}\"},\"query-input\":{\"@type\":\"PropertyValueSpecification\",\"valueRequired\":true,\"valueName\":\"search_term_string\"}}],\"inLanguage\":\"vi\"}]}<\/script>\n<!-- \/ Yoast SEO plugin. -->","yoast_head_json":{"title":"Gi\u1edbi thi\u1ec7u - TR\u01af\u1edcNG TRUNG C\u1ea4P NGUY\u1ec4N T\u1ea4T TH\u00c0NH","robots":{"index":"noindex","follow":"follow","max-snippet":"max-snippet:-1","max-image-preview":"max-image-preview:large","max-video-preview":"max-video-preview:-1"},"og_locale":"vi_VN","og_type":"article","og_title":"Gi\u1edbi thi\u1ec7u - TR\u01af\u1edcNG TRUNG C\u1ea4P NGUY\u1ec4N T\u1ea4T TH\u00c0NH","og_description":"\u00a0 \u00a0 \u00a0 Tr\u01b0\u1eddng Trung c\u1ea5p Kinh t\u1ebf K\u1ef9 thu\u1eadt Nguy\u1ec5n T\u1ea5t Th\u00e0nh l\u00e0 \u0111\u01a1n v\u1ecb \u0111\u00e0o t\u1ea1o l\u00e1i xe h\u1ea1ng A1 (m\u00f4 t\u00f4) v\u00e0 h\u1ea1ng B C\u01a1 kh\u00ed (tr\u01b0\u1edbc \u0111\u00e2y g\u1ecdi l\u00e0 h\u1ea1ng B2); H\u1ea1ng B T\u1ef1 \u0111\u1ed9ng (tr\u01b0\u1edbc \u0111\u00e2y g\u1ecdi l\u00e0 B11) uy t\u00edn, ch\u1ea5t l\u01b0\u1ee3ng v\u00e0 an to\u00e0n, gi\u00fap ng\u01b0\u1eddi h\u1ecdc sau...","og_url":"https:\/\/ntttc.edu.vn\/?page_id=18","og_site_name":"TR\u01af\u1edcNG TRUNG C\u1ea4P NGUY\u1ec4N T\u1ea4T TH\u00c0NH","article_modified_time":"2026-01-12T02:01:16+00:00","twitter_card":"summary_large_image","twitter_misc":{"\u01af\u1edbc t\u00ednh th\u1eddi gian \u0111\u1ecdc":"3 ph\u00fat"},"schema":{"@context":"https:\/\/schema.org","@graph":[{"@type":"WebPage","@id":"https:\/\/ntttc.edu.vn\/?page_id=18","url":"https:\/\/ntttc.edu.vn\/?page_id=18","name":"Gi\u1edbi thi\u1ec7u - TR\u01af\u1edcNG TRUNG C\u1ea4P NGUY\u1ec4N T\u1ea4T TH\u00c0NH","isPartOf":{"@id":"https:\/\/ntttc.edu.vn\/#website"},"datePublished":"2024-12-03T09:22:42+00:00","dateModified":"2026-01-12T02:01:16+00:00","breadcrumb":{"@id":"https:\/\/ntttc.edu.vn\/?page_id=18#breadcrumb"},"inLanguage":"vi","potentialAction":[{"@type":"ReadAction","target":["https:\/\/ntttc.edu.vn\/?page_id=18"]}]},{"@type":"BreadcrumbList","@id":"https:\/\/ntttc.edu.vn\/?page_id=18#breadcrumb","itemListElement":[{"@type":"ListItem","position":1,"name":"Trang ch\u1ee7","item":"https:\/\/ntttc.edu.vn\/"},{"@type":"ListItem","position":2,"name":"Gi\u1edbi thi\u1ec7u"}]},{"@type":"WebSite","@id":"https:\/\/ntttc.edu.vn\/#website","url":"https:\/\/ntttc.edu.vn\/","name":"TR\u01af\u1edcNG TRUNG C\u1ea4P NGUY\u1ec4N T\u1ea4T TH\u00c0NH","description":"","potentialAction":[{"@type":"SearchAction","target":{"@type":"EntryPoint","urlTemplate":"https:\/\/ntttc.edu.vn\/?s={search_term_string}"},"query-input":{"@type":"PropertyValueSpecification","valueRequired":true,"valueName":"search_term_string"}}],"inLanguage":"vi"}]}},"_links":{"self":[{"href":"https:\/\/ntttc.edu.vn\/index.php?rest_route=\/wp\/v2\/pages\/18","targetHints":{"allow":["GET"]}}],"collection":[{"href":"https:\/\/ntttc.edu.vn\/index.php?rest_route=\/wp\/v2\/pages"}],"about":[{"href":"https:\/\/ntttc.edu.vn\/index.php?rest_route=\/wp\/v2\/types\/page"}],"author":[{"embeddable":true,"href":"https:\/\/ntttc.edu.vn\/index.php?rest_route=\/wp\/v2\/users\/1"}],"replies":[{"embeddable":true,"href":"https:\/\/ntttc.edu.vn\/index.php?rest_route=%2Fwp%2Fv2%2Fcomments&post=18"}],"version-history":[{"count":11,"href":"https:\/\/ntttc.edu.vn\/index.php?rest_route=\/wp\/v2\/pages\/18\/revisions"}],"predecessor-version":[{"id":1214,"href":"https:\/\/ntttc.edu.vn\/index.php?rest_route=\/wp\/v2\/pages\/18\/revisions\/1214"}],"wp:attachment":[{"href":"https:\/\/ntttc.edu.vn\/index.php?rest_route=%2Fwp%2Fv2%2Fmedia&parent=18"}],"curies":[{"name":"wp","href":"https:\/\/api.w.org\/{rel}","templated":true}]}}